{"id":663,"date":"2011-02-12T15:59:45","date_gmt":"2011-02-12T14:59:45","guid":{"rendered":"http:\/\/ilka-moderatorin.de\/"},"modified":"2022-01-07T13:19:53","modified_gmt":"2022-01-07T12:19:53","slug":"presenterilka","status":"publish","type":"page","link":"https:\/\/www.ilkagroenewold.de\/en\/presenterilka\/","title":{"rendered":"disclaimer of liability and data protection"},"content":{"rendered":"<div class=\"wpb-content-wrapper\"><p>[vc_row css_animation=&#8221;&#8221; row_type=&#8221;row&#8221; use_row_as_full_screen_section=&#8221;no&#8221; type=&#8221;full_width&#8221; angled_section=&#8221;no&#8221; text_align=&#8221;left&#8221; background_image_as_pattern=&#8221;without_pattern&#8221; css=&#8221;.vc_custom_1421108615176{padding-right: 5px !important;padding-left: 5px !important;}&#8221;][vc_column][vc_column_text]<\/p>\n<h2><span style=\"color: #283a45;\">Disclaimer of liability<\/span><\/h2>\n<p>&nbsp;<\/p>\n<p><span style=\"color: #283a45;\"><strong><a style=\"color: #283a45;\" title=\"1. Contents of the on-line offer\">1. Contents of the on-line offer<\/a><\/strong><\/span><\/p>\n<p>The author takes over no guarantee for the actuality, correctness, completeness or quality of the provided information. The liability claims against the author which or ideal kind itself material on damages cover which were caused by the use or disuse of the presented information or by the use of faulty and incomplete information are basically excluded, provided that on the part of the author no as can be proved deliberate or roughly careless fault is given. All offers are not-binding and non-binding. The author reserves himself expressly to change parts of the sides or the whole offer without separate announcement, to complement, to extinguish or to put the publication at times or finally.<\/p>\n<p>&nbsp;<\/p>\n<p><span style=\"color: #283a45;\"><strong><a style=\"color: #283a45;\" title=\"2. References and links\">2. References and links<\/a><\/strong><\/span><\/p>\n<p>With direct or indirect references to foreign web pages (&#8220;hyperlink&#8221;) which lie beyond the area of responsibility of the author a liability obligation would come into force exclusively in the case in which the author of the contents has knowledge and would be technically possible for it to him and would reasonable to prevent the use in case of illegal contents. Herewith the author expressly explains that at the time of the link settlement no unlawful contents on the too verlinkenden sides were recognizable. On the topical and future creation, the contents or the authorship of the verlinkten\/tied together sides the author has no influence. Herewith, therefore, he expressly dissociates himself from all contents of all verlinkten\/tied together sides which were changed after the link settlement. This statement is valid for all links sedate within own Internet offer and references.<\/p>\n<p>&nbsp;<\/p>\n<p><span style=\"color: #283a45;\"><strong><a style=\"color: #283a45;\" title=\"3. Copyright and sign righ\">3. Copyright and sign right<\/a><\/strong><\/span><\/p>\n<p>The author is anxious, in all publications the copyrights of the used pictures, graphics, sound documents, videosequences and texts to pay attention to using provided pictures, graphics, sound documents, videosequences and texts from himself or on graphics free of licence, sound documents, Videosequences and texts zur\u00fc ckzugreifen. Everybody within the Internet offer called and if necessary by third gesch\u00fc to tzten brand names and trade mark are defeated uneingeschr\u00e4 nkt him Regulations of the in each case valid sign right and the possession rights of the respective registered Eigent\u00fc mer. Only on account of them blo\u00df en naming the conclusion is not to be drawn, that brand name not by right third gesch\u00fc tzt are! The copyright f\u00fc r ver\u00f6 ffentlichte, from the author provided objects remains only with the author of the sides. A Vervielf\u00e4 lltigung or use of such graphics, sound documents, videosequences and texts in other electronic or printed publications is without ausdr\u00fc ckliche approval of the author does not permit.<\/p>\n<p>&nbsp;<\/p>\n<p><span style=\"color: #283a45;\"><strong><a style=\"color: #283a45;\" title=\"4. validity of this disclaimer of liabilit\">4. validity of this disclaimer of liability<\/a><\/strong><\/span><br \/>\nthis disclaimer of liability is to be looked as a part of the Internet offer from which was expelled to this side. Provided that parts or single formulations of this text of the valid legal situation not, no more or not complete should correspond, remaining Parts of the document in her contents and her validity of it untouched.<\/p>\n<p>&nbsp;<\/p>\n<h2>Data protection<\/h2>\n<p>&nbsp;<\/p>\n<p>We, entertainment IG take seriously the protection of your personal data very much and keep strictly to the rules the data protection act. Personal data are raised on this web page only in the technically necessary extent. In no case the upraised data are sold or for other reasons into three parts transmitted. The following explanation gives you an overview about how we guarantee this protection and which kind of data to zuwelchem purpose are raised.<\/p>\n<p>&nbsp;<\/p>\n<p><span style=\"color: #283a45;\"><strong><a style=\"color: #283a45;\" title=\"data processing on this Internet site\">data processing on this Internet site<\/a><\/strong><\/span><\/p>\n<p>Groenewold &#8211; new media raises and stores automatically in her server log files information which your browser transmits to us. This are: &#8211; Browser type \/ version &#8211; used operating system &#8211; Referrer URL (the before visited side) &#8211; Hostname of the accessing calculator (address IP) &#8211; Time of the server inquiry<\/p>\n<p>These data are for Groenewold &#8211; new media not to certain people zuordenbar. A desegregation of these data with other data springs is not carried out, besides, the data are extinguished after a statistical evaluation.<\/p>\n<p>&nbsp;<\/p>\n<p><span style=\"color: #283a45;\"><strong><a style=\"color: #283a45;\" title=\"information right\">Information right<\/a><\/strong><\/span><\/p>\n<p>They have any time the right on information \u00fc ber the data stored with regard to your person, origin and receiver as well as the purpose of the storage. We provide information about the stored data to you at the email address <a href=\"mailto:mail@ilkagroenewold.de\">mail@ilkagroenewold.de<\/a>.<\/p>\n<p>&nbsp;<\/p>\n<p><strong><span style=\"color: #283a45;\"><a style=\"color: #283a45;\" title=\"Google Analyticss\">Google Analytics<\/a><\/span><br \/>\n<\/strong><\/p>\n<p>This website uses Google Analytics, a web analysis service of the Google Inc (Google) Google Analytics used sucked. Cookies, text files which are stored on your computer and an analysis of the use of the website by you erm\u00f6 resembled. The information generated by the Cookie about your use this website (including your IP address) is transferred to a server by Google in the USA and is stored there. Google will use this information to evaluate your use of the website to put together of report about the website activities for the website operators and to render linked services next with the website use and the Internet use. Also Google will transfer this information if necessary into three parts, provided that this legally prescribed or as far as third process these data on behalf of Google. Google will associate your IP address with other data of the Google in no case. They can prevent the installation of the Cookies by a suitable setting of your browsers software. By the use of this website you agree with the treatment of the data upraised about you by Google in the before described way and for the before named purpose.<\/p>\n<p>&nbsp;<\/p>\n<p><span style=\"color: #283a45;\"><strong><a style=\"color: #283a45;\" title=\"further information:\">Further information<\/a><\/strong><\/span><\/p>\n<p>Their trust is important to us. Hence, we would want to you any time speech and answer with regard to the processing of your personal ones Data stand. If you have questions which to you this data protection explanation could not answer or if deepened you to a point Information wishes, turn please any time in about the email address <a href=\"mailto:mail@ilkagroenewold.de\">mail@ilkagroenewold.de<\/a> to us.<\/p>\n<p>&nbsp;[\/vc_column_text][\/vc_column][\/vc_row]<\/p>\n<\/div>","protected":false},"excerpt":{"rendered":"<p>[vc_row css_animation=&#8221;&#8221; row_type=&#8221;row&#8221; use_row_as_full_screen_section=&#8221;no&#8221; type=&#8221;full_width&#8221; angled_section=&#8221;no&#8221; text_align=&#8221;left&#8221; background_image_as_pattern=&#8221;without_pattern&#8221; css=&#8221;.vc_custom_1421108615176{padding-right: 5px !important;padding-left: 5px !important;}&#8221;][vc_column][vc_column_text] Disclaimer of liability &nbsp; 1. Contents of the on-line offer The author takes over no guarantee for the actuality, correctness, completeness or quality of the provided information. The liability claims against the&#8230;<\/p>\n","protected":false},"author":1,"featured_media":0,"parent":0,"menu_order":0,"comment_status":"open","ping_status":"open","template":"","meta":{"ngg_post_thumbnail":0,"footnotes":""},"class_list":["post-663","page","type-page","status-publish","hentry"],"_links":{"self":[{"href":"https:\/\/www.ilkagroenewold.de\/en\/wp-json\/wp\/v2\/pages\/663","targetHints":{"allow":["GET"]}}],"collection":[{"href":"https:\/\/www.ilkagroenewold.de\/en\/wp-json\/wp\/v2\/pages"}],"about":[{"href":"https:\/\/www.ilkagroenewold.de\/en\/wp-json\/wp\/v2\/types\/page"}],"author":[{"embeddable":true,"href":"https:\/\/www.ilkagroenewold.de\/en\/wp-json\/wp\/v2\/users\/1"}],"replies":[{"embeddable":true,"href":"https:\/\/www.ilkagroenewold.de\/en\/wp-json\/wp\/v2\/comments?post=663"}],"version-history":[{"count":2,"href":"https:\/\/www.ilkagroenewold.de\/en\/wp-json\/wp\/v2\/pages\/663\/revisions"}],"predecessor-version":[{"id":24035,"href":"https:\/\/www.ilkagroenewold.de\/en\/wp-json\/wp\/v2\/pages\/663\/revisions\/24035"}],"wp:attachment":[{"href":"https:\/\/www.ilkagroenewold.de\/en\/wp-json\/wp\/v2\/media?parent=663"}],"curies":[{"name":"wp","href":"https:\/\/api.w.org\/{rel}","templated":true}]}}