{"id":24079,"date":"2022-01-09T12:56:36","date_gmt":"2022-01-09T11:56:36","guid":{"rendered":"https:\/\/www.ilkagroenewold.de\/?page_id=24079"},"modified":"2024-07-23T00:15:36","modified_gmt":"2024-07-22T22:15:36","slug":"24079-2","status":"publish","type":"page","link":"https:\/\/www.ilkagroenewold.de\/en\/24079-2\/","title":{"rendered":"PRESS AREA"},"content":{"rendered":"<div class=\"wpb-content-wrapper\"><p>[vc_row css_animation=&#8221;&#8221; row_type=&#8221;row&#8221; use_row_as_full_screen_section=&#8221;no&#8221; type=&#8221;full_width&#8221; angled_section=&#8221;yes&#8221; angled_section_position=&#8221;bottom&#8221; angled_section_direction=&#8221;from_left_to_right&#8221; text_align=&#8221;left&#8221; background_image_as_pattern=&#8221;without_pattern&#8221; css=&#8221;.vc_custom_1613473392238{padding-top: 32px !important;padding-right: 32px !important;padding-bottom: 10px !important;padding-left: 32px !important;background-color: #283a45 !important;}&#8221; z_index=&#8221;&#8221; background_color=&#8221;#283a45&#8243;][vc_column][vc_column_text]<\/p>\n<h1 style=\"text-align: center;\"><span style=\"color: #ffffff;\"><a style=\"color: #ffffff;\" title=\"Moderatorin f\u00fcr Hybridevent, Digitalevent, Onlineevent, Messe, Event, Gala, Award, Podiumsdiskussion.\" href=\"https:\/\/www.ilkagroenewold.de\/\" target=\"_blank\" rel=\"noopener\">Press area of the moderator Ilka Groenewold<\/a><\/span><\/h1>\n<p><span style=\"color: #b39a5d;\">&nbsp;<\/span>[\/vc_column_text][\/vc_column][\/vc_row][vc_row css_animation=&#8221;element_from_right&#8221; row_type=&#8221;row&#8221; use_row_as_full_screen_section=&#8221;no&#8221; type=&#8221;full_width&#8221; angled_section=&#8221;no&#8221; text_align=&#8221;left&#8221; background_image_as_pattern=&#8221;without_pattern&#8221; css=&#8221;.vc_custom_1613476267594{padding-top: 42px !important;padding-right: 32px !important;padding-bottom: 50px !important;padding-left: 32px !important;}&#8221; z_index=&#8221;&#8221;][vc_column css=&#8221;.vc_custom_1613474277866{padding-left: 32px !important;}&#8221;][vc_column_text css=&#8221;.vc_custom_1613474232295{padding-top: 32px !important;}&#8221;]<\/p>\n<h2 style=\"text-align: left;\">DOWNLOADS<\/h2>\n<p>[\/vc_column_text][\/vc_column][vc_column width=&#8221;1\/4&#8243; css=&#8221;.vc_custom_1613476318394{padding-top: 32px !important;padding-right: 32px !important;padding-bottom: 24px !important;padding-left: 32px !important;}&#8221;]<div class='q_icon_with_title small normal_icon '><div class=\"icon_holder \" style=\" \"><span data-icon-type=\"normal\" class=\"qode_iwt_icon_holder q_font_awsome_icon fa-2x  \"><i class=\"qode_icon_font_awesome fa fa-check qode_iwt_icon_element\" style=\"color: #b39a5d\"><\/i><\/span><\/div><div class=\"icon_text_holder\" style=\"\"><div class=\"icon_text_inner\" style=\"\"><h5 class=\"icon_title\" style=\"\"><\/h5><p style=''><\/p><a itemprop='url' class='icon_with_title_link' href='https:\/\/www.ilkagroenewold.de\/downloads\/IlkaGroenewold.pdf' target='_self' style=''>References<\/a><\/div><\/div><\/div><div class='q_icon_with_title small normal_icon '><div class=\"icon_holder \" style=\" \"><span data-icon-type=\"normal\" class=\"qode_iwt_icon_holder q_font_awsome_icon fa-2x  \"><i class=\"qode_icon_font_awesome fa fa-check qode_iwt_icon_element\" style=\"color: #b39a5d\"><\/i><\/span><\/div><div class=\"icon_text_holder\" style=\"\"><div class=\"icon_text_inner\" style=\"\"><h5 class=\"icon_title\" style=\"\"><\/h5><p style=''><\/p><a itemprop='url' class='icon_with_title_link' href='https:\/\/www.ilkagroenewold.de\/downloads\/pressefotos.zip' target='_self' style=''>Press photos<\/a><\/div><\/div><\/div><div class='q_icon_with_title small normal_icon '><div class=\"icon_holder \" style=\" \"><span data-icon-type=\"normal\" class=\"qode_iwt_icon_holder q_font_awsome_icon fa-2x  \"><i class=\"qode_icon_font_awesome fa fa-check qode_iwt_icon_element\" style=\"color: #b39a5d\"><\/i><\/span><\/div><div class=\"icon_text_holder\" style=\"\"><div class=\"icon_text_inner\" style=\"\"><h5 class=\"icon_title\" style=\"\"><\/h5><p style=''><\/p><a itemprop='url' class='icon_with_title_link' href='https:\/\/www.ilkagroenewold.de\/downloads\/Pressetext-IlkaGroenewold.pdf' target='_self' style=''>Press release<\/a><\/div><\/div><\/div><div class='q_icon_with_title small normal_icon '><div class=\"icon_holder \" style=\" \"><span data-icon-type=\"normal\" class=\"qode_iwt_icon_holder q_font_awsome_icon fa-2x  \"><i class=\"qode_icon_font_awesome fa fa-check qode_iwt_icon_element\" style=\"color: #b39a5d\"><\/i><\/span><\/div><div class=\"icon_text_holder\" style=\"\"><div class=\"icon_text_inner\" style=\"\"><h5 class=\"icon_title\" style=\"\"><\/h5><p style=''><\/p><a itemprop='url' class='icon_with_title_link' href='https:\/\/www.ilkagroenewold.de\/downloads\/PressefotosSport.zip' target='_self' style=''>Sports photos<\/a><\/div><\/div><\/div>[\/vc_column][vc_column width=&#8221;1\/4&#8243; css=&#8221;.vc_custom_1613476199559{padding-top: 32px !important;padding-right: 32px !important;padding-left: 32px !important;}&#8221;]<div class='q_icon_with_title small normal_icon '><div class=\"icon_holder \" style=\" \"><span data-icon-type=\"normal\" class=\"qode_iwt_icon_holder q_font_awsome_icon fa-2x  \"><i class=\"qode_icon_font_awesome fa fa-check qode_iwt_icon_element\" style=\"color: #b39a5d\"><\/i><\/span><\/div><div class=\"icon_text_holder\" style=\"\"><div class=\"icon_text_inner\" style=\"\"><h5 class=\"icon_title\" style=\"\"><\/h5><p style=''><\/p><a itemprop='url' class='icon_with_title_link' href='https:\/\/www.ilkagroenewold.de\/downloads\/Showreels.zip' target='_self' style=''>Showreels<\/a><\/div><\/div><\/div><div class='q_icon_with_title small normal_icon '><div class=\"icon_holder \" style=\" \"><span data-icon-type=\"normal\" class=\"qode_iwt_icon_holder q_font_awsome_icon fa-2x  \"><i class=\"qode_icon_font_awesome fa fa-check qode_iwt_icon_element\" style=\"color: #b39a5d\"><\/i><\/span><\/div><div class=\"icon_text_holder\" style=\"\"><div class=\"icon_text_inner\" style=\"\"><h5 class=\"icon_title\" style=\"\"><\/h5><p style=''><\/p><a itemprop='url' class='icon_with_title_link' href='https:\/\/www.ilkagroenewold.de\/downloads\/IlkaGroenewold-MediaKit.pdf' target='_self' style=''>MediaKit<\/a><\/div><\/div><\/div><div class='q_icon_with_title small normal_icon '><div class=\"icon_holder \" style=\" \"><span data-icon-type=\"normal\" class=\"qode_iwt_icon_holder q_font_awsome_icon fa-2x  \"><i class=\"qode_icon_font_awesome fa fa-check qode_iwt_icon_element\" style=\"color: #b39a5d\"><\/i><\/span><\/div><div class=\"icon_text_holder\" style=\"\"><div class=\"icon_text_inner\" style=\"\"><h5 class=\"icon_title\" style=\"\"><\/h5><p style=''><\/p><a itemprop='url' class='icon_with_title_link' href='https:\/\/www.ilkagroenewold.de\/downloads\/AudioIlkaGroenewold.zip' target='_self' style=''>Audio<\/a><\/div><\/div><\/div><div class='q_icon_with_title small normal_icon '><div class=\"icon_holder \" style=\" \"><span data-icon-type=\"normal\" class=\"qode_iwt_icon_holder q_font_awsome_icon fa-2x  \"><i class=\"qode_icon_font_awesome fa fa-check qode_iwt_icon_element\" style=\"color: #b39a5d\"><\/i><\/span><\/div><div class=\"icon_text_holder\" style=\"\"><div class=\"icon_text_inner\" style=\"\"><h5 class=\"icon_title\" style=\"\"><\/h5><p style=''><\/p><a itemprop='url' class='icon_with_title_link' href='https:\/\/www.ilkagroenewold.de\/downloads\/Empowerment-IlkaGroenewold.zip' target='_self' style=''>Book<\/a><\/div><\/div><\/div>[\/vc_column][vc_column width=&#8221;2\/4&#8243; css=&#8221;.vc_custom_1613473400879{padding-top: 32px !important;}&#8221;][vc_single_image image=&#8221;21884&#8243; img_size=&#8221;900&#215;635&#8243; alignment=&#8221;right&#8221; qode_css_animation=&#8221;&#8221; css=&#8221;.vc_custom_1613472440909{padding-bottom: 10px !important;}&#8221;][\/vc_column][\/vc_row][vc_row css_animation=&#8221;&#8221; row_type=&#8221;row&#8221; use_row_as_full_screen_section=&#8221;no&#8221; type=&#8221;full_width&#8221; angled_section=&#8221;yes&#8221; angled_section_position=&#8221;both&#8221; angled_section_direction=&#8221;from_left_to_right&#8221; text_align=&#8221;left&#8221; background_image_as_pattern=&#8221;without_pattern&#8221; css=&#8221;.vc_custom_1613476911289{padding-top: 10px !important;padding-bottom: 32px !important;background-color: #283a45 !important;}&#8221; z_index=&#8221;&#8221; background_color=&#8221;#283a45&#8243;][vc_column css=&#8221;.vc_custom_1613476699411{padding-bottom: 32px !important;}&#8221;][vc_column_text css=&#8221;.vc_custom_1641733015896{padding-top: 32px !important;}&#8221;]<\/p>\n<h1 style=\"text-align: center;\"><span style=\"color: #b39a5d;\">Media presence\/press<\/span><\/h1>\n<p>[\/vc_column_text][vc_separator type=&#8221;small&#8221; position=&#8221;center&#8221; color=&#8221;#b39a5d&#8221;][vc_column_text css=&#8221;.vc_custom_1641733103355{padding-right: 32px !important;padding-left: 32px !important;}&#8221;]<\/p>\n<div style=\"text-align: center;\">\n<p><span style=\"color: #ffffff;\"><strong>You are a media and press agency, podcast producer, social media<\/strong><\/span><br \/>\n<span style=\"color: #ffffff;\"><strong>and influencer agency and would like more information?<\/strong><\/span><\/p>\n<p><span style=\"color: #ffffff;\"><a style=\"color: #ffffff;\" title=\"Event Gala Messe Konferenz Kongress Eventmoderatorin Kongressmoderatorin Tagungsmoderatorin Konferenzmoderatorin\" href=\"https:\/\/www.ilkagroenewold.de\/\" target=\"_blank\" rel=\"noopener noreferrer\"><strong>Moderator<\/strong><\/a> Ilka Groenewold is available to talk to you about topics such as new work, self-employment, start-ups, performance, <\/span><br \/>\n<span style=\"color: #ffffff;\">sports and the media world and will give you an interview or be a guest on your podcast.<\/span><br \/>\n<span style=\"color: #ffffff;\">Feel free to contact our press department.<\/span><br \/>\n<span style=\"color: #ffffff;\">Your contact person is:<\/span><\/p>\n<\/div>\n<div>&nbsp;<\/div>\n<p style=\"text-align: center;\"><span style=\"color: #b39a5d;\"><strong>Ilka Groenewold<\/strong><\/span><\/p>\n<p style=\"text-align: center;\"><span style=\"color: #b39a5d;\"><strong>Phone: +49 491 929200<\/strong><\/span><br \/>\n<span style=\"color: #b39a5d;\"><strong>E-mail: presse@ilkagroenewold.de<\/strong><\/span><\/p>\n<p>[\/vc_column_text][\/vc_column][\/vc_row][vc_row css_animation=&#8221;&#8221; row_type=&#8221;row&#8221; use_row_as_full_screen_section=&#8221;no&#8221; type=&#8221;full_width&#8221; angled_section=&#8221;no&#8221; text_align=&#8221;left&#8221; background_image_as_pattern=&#8221;without_pattern&#8221; css=&#8221;.vc_custom_1613477957982{padding-top: 50px !important;padding-bottom: 32px !important;}&#8221; z_index=&#8221;&#8221;][vc_column css=&#8221;.vc_custom_1613477965839{padding-top: 32px !important;padding-bottom: 32px !important;}&#8221;][vc_column_text css=&#8221;.vc_custom_1641733143200{padding-top: 32px !important;padding-bottom: 42px !important;}&#8221;]<\/p>\n<h2 style=\"text-align: center;\"><span style=\"color: #283a45;\">Branches\/Locations<\/span><\/h2>\n<p>[\/vc_column_text][vc_row_inner row_type=&#8221;row&#8221; type=&#8221;full_width&#8221; text_align=&#8221;left&#8221; css_animation=&#8221;&#8221;][vc_column_inner width=&#8221;1\/2&#8243; css=&#8221;.vc_custom_1613478023197{padding-bottom: 32px !important;}&#8221;][vc_column_text]<\/p>\n<h3 style=\"text-align: center;\"><span style=\"color: #b39a5d;\">COMPANY HEADQUARTERS<\/span><\/h3>\n<p style=\"text-align: center;\">&nbsp;<\/p>\n<h3 style=\"text-align: center;\"><strong>IG Entertainment e.K.<\/strong><\/h3>\n<p style=\"text-align: center;\"><strong>Gro\u00dfe Ro\u00dfbergstra\u00dfe 3-6<\/strong><br \/>\n<strong>26789 Leer\/Ostfriesland<\/strong><\/p>\n<p style=\"text-align: center;\">&nbsp;<\/p>\n<p style=\"text-align: center;\">Contact:<\/p>\n<p style=\"text-align: center;\">Phone: +49 (0) 491 929200<br \/>\nE-mail: <a href=\"mailto:mail@ilkagroenewold.de\">mail@ilkagroenewold.d<\/a><a href=\"mailto:mail@ilkagroenewold.de\">e<\/a><\/p>\n<p>[\/vc_column_text][\/vc_column_inner][vc_column_inner width=&#8221;1\/2&#8243; css=&#8221;.vc_custom_1613478014152{padding-bottom: 32px !important;}&#8221;][vc_column_text]<\/p>\n<h3 style=\"text-align: center;\"><span style=\"color: #b39a5d;\">HAMBURG OFFICE &#8211; BRANCH OFFICE<\/span><\/h3>\n<p>&nbsp;<\/p>\n<h3 style=\"text-align: center;\"><strong>IG Entertainment e.K.<\/strong><\/h3>\n<p style=\"text-align: center;\"><strong>Am Dalmannkai 16<\/strong><br \/>\n<strong>20457 Hamburg<\/strong><\/p>\n<p>&nbsp;<\/p>\n<p style=\"text-align: center;\">Contact:<\/p>\n<p style=\"text-align: center;\">Phone: +49 (0) 491 929200<br \/>\n&nbsp; &nbsp; &nbsp; &nbsp; &nbsp; E-mail: <a href=\"mailto:mail@ilkagroenewold.de\">mail@ilkagroenewold.de<\/a>&nbsp; &nbsp; &nbsp;&nbsp;<\/p>\n<p>[\/vc_column_text][\/vc_column_inner][\/vc_row_inner][\/vc_column][\/vc_row][vc_row css_animation=&#8221;&#8221; row_type=&#8221;row&#8221; use_row_as_full_screen_section=&#8221;no&#8221; type=&#8221;full_width&#8221; angled_section=&#8221;no&#8221; text_align=&#8221;left&#8221; background_image_as_pattern=&#8221;without_pattern&#8221; css=&#8221;.vc_custom_1613477933287{background-color: #283a45 !important;}&#8221; z_index=&#8221;&#8221;][vc_column css=&#8221;.vc_custom_1613477925248{padding-top: 32px !important;padding-right: 32px !important;padding-left: 32px !important;}&#8221;][vc_column_text css=&#8221;.vc_custom_1641733549440{padding-top: 32px !important;padding-right: 32px !important;padding-left: 32px !important;}&#8221;]<\/p>\n<h1 style=\"text-align: center;\"><span style=\"color: #b39a5d;\">Get in touch with us!<\/span><\/h1>\n<p>[\/vc_column_text][\/vc_column][\/vc_row][vc_row css_animation=&#8221;&#8221; row_type=&#8221;row&#8221; use_row_as_full_screen_section=&#8221;no&#8221; type=&#8221;full_width&#8221; angled_section=&#8221;no&#8221; text_align=&#8221;left&#8221; background_image_as_pattern=&#8221;without_pattern&#8221; z_index=&#8221;&#8221; css=&#8221;.vc_custom_1613477644511{padding-top: 32px !important;padding-right: 32px !important;padding-bottom: 32px !important;padding-left: 32px !important;background-color: #283a45 !important;}&#8221;][vc_column width=&#8221;1\/2&#8243; css=&#8221;.vc_custom_1563041093506{padding-top: 32px !important;padding-bottom: 32px !important;}&#8221;][vc_single_image image=&#8221;28119&#8243; img_size=&#8221;300&#215;300&#8243; alignment=&#8221;center&#8221; qode_css_animation=&#8221;&#8221;][\/vc_column][vc_column width=&#8221;1\/2&#8243; css=&#8221;.vc_custom_1624515698324{padding-top: 60px !important;padding-right: 42px !important;padding-bottom: 20px !important;padding-left: 32px !important;}&#8221;][vc_column_text]<\/p>\n<h1 style=\"text-align: center;\"><span style=\"color: #ffffff;\"><a style=\"color: #ffffff;\" href=\"mailto:mail@ilkagroenewold.de\">mail@ilkagroenewold.de<\/a><\/span><\/h1>\n<p>[\/vc_column_text][vc_column_text css=&#8221;.vc_custom_1641733573367{padding-top: 50px !important;padding-right: 40px !important;padding-left: 40px !important;}&#8221;]<\/p>\n<h1 style=\"text-align: center;\"><span style=\"color: #b39a5d;\">Ask<br \/>\nPresenter Ilka Groenewold<br \/>\nfor your event!<\/span><\/h1>\n<p>[\/vc_column_text][\/vc_column][\/vc_row][vc_row css_animation=&#8221;&#8221; row_type=&#8221;row&#8221; use_row_as_full_screen_section=&#8221;no&#8221; type=&#8221;full_width&#8221; angled_section=&#8221;no&#8221; text_align=&#8221;left&#8221; background_image_as_pattern=&#8221;without_pattern&#8221; css=&#8221;.vc_custom_1613477564410{background-color: #b39a5d !important;}&#8221; z_index=&#8221;&#8221;][vc_column][vc_separator type=&#8221;transparent&#8221;][vc_separator type=&#8221;transparent&#8221;][\/vc_column][\/vc_row]<\/p>\n<\/div>","protected":false},"excerpt":{"rendered":"<p>[vc_row css_animation=&#8221;&#8221; row_type=&#8221;row&#8221; use_row_as_full_screen_section=&#8221;no&#8221; type=&#8221;full_width&#8221; angled_section=&#8221;yes&#8221; angled_section_position=&#8221;bottom&#8221; angled_section_direction=&#8221;from_left_to_right&#8221; text_align=&#8221;left&#8221; background_image_as_pattern=&#8221;without_pattern&#8221; css=&#8221;.vc_custom_1613473392238{padding-top: 32px !important;padding-right: 32px !important;padding-bottom: 10px !important;padding-left: 32px !important;background-color: #283a45 !important;}&#8221; z_index=&#8221;&#8221; background_color=&#8221;#283a45&#8243;][vc_column][vc_column_text] Press area of the moderator Ilka Groenewold &nbsp;[\/vc_column_text][\/vc_column][\/vc_row][vc_row css_animation=&#8221;element_from_right&#8221; row_type=&#8221;row&#8221; use_row_as_full_screen_section=&#8221;no&#8221; type=&#8221;full_width&#8221; angled_section=&#8221;no&#8221; text_align=&#8221;left&#8221; background_image_as_pattern=&#8221;without_pattern&#8221; css=&#8221;.vc_custom_1613476267594{padding-top: 42px !important;padding-right: 32px !important;padding-bottom: 50px !important;padding-left:&#8230;<\/p>\n","protected":false},"author":1,"featured_media":0,"parent":0,"menu_order":0,"comment_status":"closed","ping_status":"closed","template":"full_width.php","meta":{"ngg_post_thumbnail":0,"footnotes":""},"class_list":["post-24079","page","type-page","status-publish","hentry"],"_links":{"self":[{"href":"https:\/\/www.ilkagroenewold.de\/en\/wp-json\/wp\/v2\/pages\/24079","targetHints":{"allow":["GET"]}}],"collection":[{"href":"https:\/\/www.ilkagroenewold.de\/en\/wp-json\/wp\/v2\/pages"}],"about":[{"href":"https:\/\/www.ilkagroenewold.de\/en\/wp-json\/wp\/v2\/types\/page"}],"author":[{"embeddable":true,"href":"https:\/\/www.ilkagroenewold.de\/en\/wp-json\/wp\/v2\/users\/1"}],"replies":[{"embeddable":true,"href":"https:\/\/www.ilkagroenewold.de\/en\/wp-json\/wp\/v2\/comments?post=24079"}],"version-history":[{"count":6,"href":"https:\/\/www.ilkagroenewold.de\/en\/wp-json\/wp\/v2\/pages\/24079\/revisions"}],"predecessor-version":[{"id":28579,"href":"https:\/\/www.ilkagroenewold.de\/en\/wp-json\/wp\/v2\/pages\/24079\/revisions\/28579"}],"wp:attachment":[{"href":"https:\/\/www.ilkagroenewold.de\/en\/wp-json\/wp\/v2\/media?parent=24079"}],"curies":[{"name":"wp","href":"https:\/\/api.w.org\/{rel}","templated":true}]}}